{"id":931,"date":"2014-10-25T23:08:27","date_gmt":"2014-10-25T23:08:27","guid":{"rendered":"http:\/\/antikfoto.hu\/wp\/?page_id=931"},"modified":"2019-02-01T00:14:51","modified_gmt":"2019-01-31T23:14:51","slug":"tovabbi-galeriak-2","status":"publish","type":"page","link":"https:\/\/antikfoto.hu\/?page_id=931","title":{"rendered":"Tov\u00e1bbi k\u00e9pek"},"content":{"rendered":"<table border=\"0\" width=\"164\">\n<tbody>\n<tr>\n<td><a href=\"http:\/\/antikfoto.hu\/?page_id=561\"><img decoding=\"async\" src=\"\/wp-content\/..\/_container\/_egyeb_galeria_boritok\/naptarak.png\" alt=\"\" \/><\/a><\/td>\n<td><a href=\"http:\/\/antikfoto.hu\/?page_id=839\"><img decoding=\"async\" src=\"\/wp-content\/..\/_container\/_egyeb_galeria_boritok\/egyeb.png\" alt=\"\" \/><\/a><\/td>\n<\/tr>\n<tr>\n<td style=\"text-align: center;\">B\u00e9k\u00e9scsabai k\u00e1rtyanapt\u00e1rak 1969-t\u0151l<\/td>\n<td style=\"text-align: center;\">B\u00e9k\u00e9scsabai fot\u00f3k \u00e9s dokumentumok 1873-t\u00f3l<\/td>\n<\/tr>\n<\/tbody>\n<\/table>\n<p><!--more--><\/p>\n","protected":false},"excerpt":{"rendered":"<p>B\u00e9k\u00e9scsabai k\u00e1rtyanapt\u00e1rak 1969-t\u0151l B\u00e9k\u00e9scsabai fot\u00f3k \u00e9s dokumentumok 1873-t\u00f3l<\/p>\n","protected":false},"author":1,"featured_media":0,"parent":0,"menu_order":0,"comment_status":"open","ping_status":"open","template":"","meta":{"footnotes":""},"class_list":["post-931","page","type-page","status-publish","hentry"],"_links":{"self":[{"href":"https:\/\/antikfoto.hu\/index.php?rest_route=\/wp\/v2\/pages\/931","targetHints":{"allow":["GET"]}}],"collection":[{"href":"https:\/\/antikfoto.hu\/index.php?rest_route=\/wp\/v2\/pages"}],"about":[{"href":"https:\/\/antikfoto.hu\/index.php?rest_route=\/wp\/v2\/types\/page"}],"author":[{"embeddable":true,"href":"https:\/\/antikfoto.hu\/index.php?rest_route=\/wp\/v2\/users\/1"}],"replies":[{"embeddable":true,"href":"https:\/\/antikfoto.hu\/index.php?rest_route=%2Fwp%2Fv2%2Fcomments&post=931"}],"version-history":[{"count":11,"href":"https:\/\/antikfoto.hu\/index.php?rest_route=\/wp\/v2\/pages\/931\/revisions"}],"predecessor-version":[{"id":1477,"href":"https:\/\/antikfoto.hu\/index.php?rest_route=\/wp\/v2\/pages\/931\/revisions\/1477"}],"wp:attachment":[{"href":"https:\/\/antikfoto.hu\/index.php?rest_route=%2Fwp%2Fv2%2Fmedia&parent=931"}],"curies":[{"name":"wp","href":"https:\/\/api.w.org\/{rel}","templated":true}]}}